{"id":15,"date":"2025-11-02T16:39:01","date_gmt":"2025-11-02T16:39:01","guid":{"rendered":"https:\/\/meettattooink.rkinformatika.online\/?page_id=15"},"modified":"2025-11-11T17:39:06","modified_gmt":"2025-11-11T17:39:06","slug":"servicios","status":"publish","type":"page","link":"https:\/\/meettattooink.com\/ca\/servicios\/","title":{"rendered":"Serveis"},"content":{"rendered":"<div data-elementor-type=\"wp-page\" data-elementor-id=\"15\" class=\"elementor elementor-15\" data-elementor-post-type=\"page\">\n\t\t\t\t<div class=\"elementor-element elementor-element-1908593 e-flex e-con-boxed e-con e-parent\" data-id=\"1908593\" data-element_type=\"container\" data-e-type=\"container\" data-settings=\"{&quot;background_background&quot;:&quot;classic&quot;}\">\n\t\t\t\t\t<div class=\"e-con-inner\">\n\t\t\t\t<div class=\"elementor-element elementor-element-0436a26 elementor-invisible elementor-widget elementor-widget-heading\" data-id=\"0436a26\" data-element_type=\"widget\" data-e-type=\"widget\" data-settings=\"{&quot;_animation&quot;:&quot;fadeInLeft&quot;}\" data-widget_type=\"heading.default\">\n\t\t\t\t\t<h2 class=\"elementor-heading-title elementor-size-default\">Productos y Servicios<\/h2>\t\t\t\t<\/div>\n\t\t\t\t<div class=\"elementor-element elementor-element-1fda180 elementor-invisible elementor-widget elementor-widget-text-editor\" data-id=\"1fda180\" data-element_type=\"widget\" data-e-type=\"widget\" data-settings=\"{&quot;_animation&quot;:&quot;fadeInUp&quot;}\" data-widget_type=\"text-editor.default\">\n\t\t\t\t\t\t\t\t\t<p>VENDA DE MATERIAL DE TATUATGES<\/p>\t\t\t\t\t\t\t\t<\/div>\n\t\t\t\t\t<\/div>\n\t\t\t\t<\/div>\n\t\t<div class=\"elementor-element elementor-element-6af4a06 e-flex e-con-boxed e-con e-parent\" data-id=\"6af4a06\" data-element_type=\"container\" data-e-type=\"container\">\n\t\t\t\t\t<div class=\"e-con-inner\">\n\t\t\t\t<div class=\"elementor-element elementor-element-4fa2f4d elementor-widget elementor-widget-heading\" data-id=\"4fa2f4d\" data-element_type=\"widget\" data-e-type=\"widget\" data-widget_type=\"heading.default\">\n\t\t\t\t\t<h2 class=\"elementor-heading-title elementor-size-default\">Productos<\/h2>\t\t\t\t<\/div>\n\t\t\t\t\t<\/div>\n\t\t\t\t<\/div>\n\t\t<div class=\"elementor-element elementor-element-8be4246 e-flex e-con-boxed e-con e-parent\" data-id=\"8be4246\" data-element_type=\"container\" data-e-type=\"container\">\n\t\t\t\t\t<div class=\"e-con-inner\">\n\t\t<div class=\"elementor-element elementor-element-cfe2293 e-con-full e-flex e-con e-child\" data-id=\"cfe2293\" data-element_type=\"container\" data-e-type=\"container\">\n\t\t\t\t<div class=\"elementor-element elementor-element-87c30d8 elementor-position-top elementor-widget elementor-widget-image-box\" data-id=\"87c30d8\" data-element_type=\"widget\" data-e-type=\"widget\" data-widget_type=\"image-box.default\">\n\t\t\t\t\t<div class=\"elementor-image-box-wrapper\"><figure class=\"elementor-image-box-img\"><img decoding=\"async\" src=\"https:\/\/meettattooink.com\/wp-content\/uploads\/elementor\/thumbs\/29492851-rek4cghons12nbc2inlzh193fpyv6dkxb7mlgikolk.jpg\" title=\"29492851\" alt=\"29492851\" loading=\"lazy\" \/><\/figure><div class=\"elementor-image-box-content\"><h3 class=\"elementor-image-box-title\">Joyer\u00eda<\/h3><p class=\"elementor-image-box-description\">Ofrecemos una amplia selecci\u00f3n de joyer\u00eda pensada para todos los estilos: piezas en acero quir\u00fargico, titanio, plata y materiales hipoalerg\u00e9nicos ideales para piercings nuevos o ya cicatrizados. Encuentra anillos, aros, barras, colgantes y accesorios especiales que combinan calidad, dise\u00f1o y seguridad para tu piel.<\/p><\/div><\/div>\t\t\t\t<\/div>\n\t\t\t\t<\/div>\n\t\t<div class=\"elementor-element elementor-element-f5db097 e-con-full e-flex e-con e-child\" data-id=\"f5db097\" data-element_type=\"container\" data-e-type=\"container\">\n\t\t\t\t<div class=\"elementor-element elementor-element-2c2084b elementor-position-top elementor-widget elementor-widget-image-box\" data-id=\"2c2084b\" data-element_type=\"widget\" data-e-type=\"widget\" data-widget_type=\"image-box.default\">\n\t\t\t\t\t<div class=\"elementor-image-box-wrapper\"><figure class=\"elementor-image-box-img\"><img decoding=\"async\" src=\"https:\/\/meettattooink.com\/wp-content\/uploads\/elementor\/thumbs\/38460-rek4fay3cpxbst78wdwbitec6pxvhdvo1aqirocrrc.jpg\" title=\"38460\" alt=\"38460\" loading=\"lazy\" \/><\/figure><div class=\"elementor-image-box-content\"><h3 class=\"elementor-image-box-title\">Cremas de curaci\u00f3n para tatuaje<\/h3><p class=\"elementor-image-box-description\">Disponemos de cremas formuladas espec\u00edficamente para acelerar la cicatrizaci\u00f3n de tatuajes. Productos suaves, hidratantes, antibacterianos y sin perfumes agresivos, que ayudan a regenerar la piel, mantener los colores vivos y garantizar un proceso de curaci\u00f3n c\u00f3modo y seguro.<\/p><\/div><\/div>\t\t\t\t<\/div>\n\t\t\t\t<\/div>\n\t\t<div class=\"elementor-element elementor-element-6438cd7 e-con-full e-flex e-con e-child\" data-id=\"6438cd7\" data-element_type=\"container\" data-e-type=\"container\">\n\t\t\t\t<div class=\"elementor-element elementor-element-b2f795f elementor-position-top elementor-widget elementor-widget-image-box\" data-id=\"b2f795f\" data-element_type=\"widget\" data-e-type=\"widget\" data-widget_type=\"image-box.default\">\n\t\t\t\t\t<div class=\"elementor-image-box-wrapper\"><figure class=\"elementor-image-box-img\"><img decoding=\"async\" src=\"https:\/\/meettattooink.com\/wp-content\/uploads\/elementor\/thumbs\/35890-rek4knn09r93wvfcn76u7yrtypk4bc4n3sh25ef2bs.jpg\" title=\"35890\" alt=\"35890\" loading=\"lazy\" \/><\/figure><div class=\"elementor-image-box-content\"><h3 class=\"elementor-image-box-title\">L\u00edquido de curaci\u00f3n para piercing<\/h3><p class=\"elementor-image-box-description\">Soluciones profesionales para el cuidado de piercings, dise\u00f1adas para desinfectar, calmar la piel y evitar infecciones. Son productos de uso diario, f\u00e1ciles de aplicar y pensados para acompa\u00f1ar todo el proceso de cicatrizaci\u00f3n con la m\u00e1xima higiene.<\/p><\/div><\/div>\t\t\t\t<\/div>\n\t\t\t\t<\/div>\n\t\t\t\t\t<\/div>\n\t\t\t\t<\/div>\n\t\t<div class=\"elementor-element elementor-element-c0d1ef6 e-flex e-con-boxed e-con e-parent\" data-id=\"c0d1ef6\" data-element_type=\"container\" data-e-type=\"container\">\n\t\t\t\t\t<div class=\"e-con-inner\">\n\t\t\t\t<div class=\"elementor-element elementor-element-2199a4a elementor-widget-divider--view-line elementor-widget elementor-widget-divider\" data-id=\"2199a4a\" data-element_type=\"widget\" data-e-type=\"widget\" data-widget_type=\"divider.default\">\n\t\t\t\t\t\t\t<div class=\"elementor-divider\">\n\t\t\t<span class=\"elementor-divider-separator\">\n\t\t\t\t\t\t<\/span>\n\t\t<\/div>\n\t\t\t\t\t\t<\/div>\n\t\t\t\t\t<\/div>\n\t\t\t\t<\/div>\n\t\t<div class=\"elementor-element elementor-element-a994bb0 e-flex e-con-boxed e-con e-parent\" data-id=\"a994bb0\" data-element_type=\"container\" data-e-type=\"container\">\n\t\t\t\t\t<div class=\"e-con-inner\">\n\t\t\t\t<div class=\"elementor-element elementor-element-4223409 elementor-widget elementor-widget-heading\" data-id=\"4223409\" data-element_type=\"widget\" data-e-type=\"widget\" data-widget_type=\"heading.default\">\n\t\t\t\t\t<h2 class=\"elementor-heading-title elementor-size-default\">Serveis<\/h2>\t\t\t\t<\/div>\n\t\t\t\t\t<\/div>\n\t\t\t\t<\/div>\n\t\t<div class=\"elementor-element elementor-element-3cc308a e-flex e-con-boxed e-con e-parent\" data-id=\"3cc308a\" data-element_type=\"container\" data-e-type=\"container\">\n\t\t\t\t\t<div class=\"e-con-inner\">\n\t\t<div class=\"elementor-element elementor-element-2428fb1 e-con-full e-flex e-con e-child\" data-id=\"2428fb1\" data-element_type=\"container\" data-e-type=\"container\">\n\t\t\t\t<div class=\"elementor-element elementor-element-c23a35b elementor-position-top elementor-widget elementor-widget-image-box\" data-id=\"c23a35b\" data-element_type=\"widget\" data-e-type=\"widget\" data-widget_type=\"image-box.default\">\n\t\t\t\t\t<div class=\"elementor-image-box-wrapper\"><figure class=\"elementor-image-box-img\"><img decoding=\"async\" src=\"https:\/\/meettattooink.com\/wp-content\/uploads\/elementor\/thumbs\/17145-rek4vb55q5u3hryafsymh9zwbx1vjuf4kin5yamft4.jpg\" title=\"17145\" alt=\"17145\" loading=\"lazy\" \/><\/figure><div class=\"elementor-image-box-content\"><h3 class=\"elementor-image-box-title\">Eliminaci\u00f3n de tatuajes con l\u00e1ser<\/h3><p class=\"elementor-image-box-description\">Realizamos eliminaci\u00f3n de tatuajes mediante tecnolog\u00eda l\u00e1ser avanzada, segura y eficaz. El tratamiento fragmenta los pigmentos sin da\u00f1ar la piel y permite aclarar o borrar completamente tatuajes no deseados. Evaluamos cada caso para ofrecer un plan de sesiones personalizado.<\/p><\/div><\/div>\t\t\t\t<\/div>\n\t\t\t\t<\/div>\n\t\t<div class=\"elementor-element elementor-element-ee41961 e-con-full e-flex e-con e-child\" data-id=\"ee41961\" data-element_type=\"container\" data-e-type=\"container\">\n\t\t\t\t<div class=\"elementor-element elementor-element-0a144e4 elementor-position-top elementor-widget elementor-widget-image-box\" data-id=\"0a144e4\" data-element_type=\"widget\" data-e-type=\"widget\" data-widget_type=\"image-box.default\">\n\t\t\t\t\t<div class=\"elementor-image-box-wrapper\"><figure class=\"elementor-image-box-img\"><img decoding=\"async\" src=\"https:\/\/meettattooink.com\/wp-content\/uploads\/elementor\/thumbs\/2148910542-rek4x4xv0kc62haprleibte5ww1kinoc5kb5jnwvpk.jpg\" title=\"2148910542\" alt=\"2148910542\" loading=\"lazy\" \/><\/figure><div class=\"elementor-image-box-content\"><h3 class=\"elementor-image-box-title\">Micropigmentaci\u00f3n facial<\/h3><p class=\"elementor-image-box-description\">Servicio profesional de micropigmentaci\u00f3n para cejas, labios y ojos. T\u00e9cnicas modernas que realzan los rasgos, corrigen asimetr\u00edas y proporcionan un acabado natural y duradero. Utilizamos pigmentos de alta calidad y procedimientos seguros para garantizar resultados est\u00e9ticos y armoniosos.<\/p><\/div><\/div>\t\t\t\t<\/div>\n\t\t\t\t<\/div>\n\t\t\t\t\t<\/div>\n\t\t\t\t<\/div>\n\t\t<div class=\"elementor-element elementor-element-b7d9932 e-flex e-con-boxed e-con e-parent\" data-id=\"b7d9932\" data-element_type=\"container\" data-e-type=\"container\">\n\t\t\t\t\t<div class=\"e-con-inner\">\n\t\t<div class=\"elementor-element elementor-element-f616a57 e-con-full e-flex e-con e-child\" data-id=\"f616a57\" data-element_type=\"container\" data-e-type=\"container\">\n\t\t\t\t<div class=\"elementor-element elementor-element-ab5fc1d elementor-position-top elementor-widget elementor-widget-image-box\" data-id=\"ab5fc1d\" data-element_type=\"widget\" data-e-type=\"widget\" data-widget_type=\"image-box.default\">\n\t\t\t\t\t<div class=\"elementor-image-box-wrapper\"><figure class=\"elementor-image-box-img\"><img decoding=\"async\" src=\"https:\/\/meettattooink.com\/wp-content\/uploads\/elementor\/thumbs\/JaumeGuardiaPineda-rejyuevupex6h107yjsrmidto43se6cvqzcocq7tl4.jpg\" title=\"JaumeGuardiaPineda\" alt=\"JaumeGuardiaPineda\" loading=\"lazy\" \/><\/figure><div class=\"elementor-image-box-content\"><h3 class=\"elementor-image-box-title\">Tatuajes<\/h3><p class=\"elementor-image-box-description\">Realizamos tatuajes personalizados adaptados al estilo y gusto de cada cliente. Dise\u00f1os exclusivos, trazos precisos y total higiene en cada sesi\u00f3n. Trabajamos con diferentes estilos: realismo, minimalista, old school, blackwork, fino, color y m\u00e1s. Acompa\u00f1amos todo el proceso desde la idea hasta el cuidado final.<\/p><\/div><\/div>\t\t\t\t<\/div>\n\t\t\t\t<\/div>\n\t\t<div class=\"elementor-element elementor-element-d3ab111 e-con-full e-flex e-con e-child\" data-id=\"d3ab111\" data-element_type=\"container\" data-e-type=\"container\">\n\t\t\t\t<div class=\"elementor-element elementor-element-d4ada35 elementor-position-top elementor-widget elementor-widget-image-box\" data-id=\"d4ada35\" data-element_type=\"widget\" data-e-type=\"widget\" data-widget_type=\"image-box.default\">\n\t\t\t\t\t<div class=\"elementor-image-box-wrapper\"><figure class=\"elementor-image-box-img\"><img decoding=\"async\" src=\"https:\/\/meettattooink.com\/wp-content\/uploads\/elementor\/thumbs\/11220603-rek52wo6yy8jcawz2l724uz171lorrl0m4hgltcvig.jpg\" title=\"11220603\" alt=\"11220603\" loading=\"lazy\" \/><\/figure><div class=\"elementor-image-box-content\"><h3 class=\"elementor-image-box-title\">Piercings<\/h3><p class=\"elementor-image-box-description\">Ofrecemos colocaci\u00f3n profesional de piercings en diferentes zonas del cuerpo, con materiales seguros e hipoalerg\u00e9nicos. Procedimiento r\u00e1pido, est\u00e9ril y realizado por especialistas. Adem\u00e1s, brindamos asesoramiento completo de cuidado, accesorios y seguimiento de cicatrizaci\u00f3n.<\/p><\/div><\/div>\t\t\t\t<\/div>\n\t\t\t\t<\/div>\n\t\t\t\t\t<\/div>\n\t\t\t\t<\/div>\n\t\t<div class=\"elementor-element elementor-element-d1f9d4e e-con-full e-flex e-con e-parent\" data-id=\"d1f9d4e\" data-element_type=\"container\" data-e-type=\"container\" data-settings=\"{&quot;background_background&quot;:&quot;classic&quot;}\">\n\t\t\t\t<div class=\"elementor-element elementor-element-1e1ccf2 elementor-cta--skin-cover elementor-widget__width-inherit elementor-animated-content elementor-bg-transform elementor-bg-transform-zoom-in elementor-widget elementor-widget-call-to-action\" data-id=\"1e1ccf2\" data-element_type=\"widget\" data-e-type=\"widget\" data-widget_type=\"call-to-action.default\">\n\t\t\t\t\t\t\t<div class=\"elementor-cta\">\n\t\t\t\t\t<div class=\"elementor-cta__bg-wrapper\">\n\t\t\t\t<div class=\"elementor-cta__bg elementor-bg\" style=\"background-image: url(https:\/\/meettattooink.com\/wp-content\/uploads\/2025\/11\/99380-1024x610.jpg);\" role=\"img\" aria-label=\"99380\"><\/div>\n\t\t\t\t<div class=\"elementor-cta__bg-overlay\"><\/div>\n\t\t\t<\/div>\n\t\t\t\t\t\t\t<div class=\"elementor-cta__content\">\n\t\t\t\t\n\t\t\t\t\t\t\t\t\t<h2 class=\"elementor-cta__title elementor-cta__content-item elementor-content-item elementor-animated-item--grow\">\n\t\t\t\t\t\tHablemos, tu consulta siempre es bienvenida.\t\t\t\t\t<\/h2>\n\t\t\t\t\n\t\t\t\t\t\t\t\t\t<div class=\"elementor-cta__description elementor-cta__content-item elementor-content-item elementor-animated-item--grow\">\n\t\t\t\t\t\tPuede comunicarse con nosotros ante cualquier duda o solicitud.\t\t\t\t\t<\/div>\n\t\t\t\t\n\t\t\t\t\t\t\t\t\t<div class=\"elementor-cta__button-wrapper elementor-cta__content-item elementor-content-item elementor-animated-item--grow\">\n\t\t\t\t\t<a class=\"elementor-cta__button elementor-button elementor-size-\" href=\"https:\/\/meettattooink.com\/ca\/contacto\/\">\n\t\t\t\t\t\tCONTACTO\t\t\t\t\t<\/a>\n\t\t\t\t\t<\/div>\n\t\t\t\t\t\t\t<\/div>\n\t\t\t\t\t\t<\/div>\n\t\t\t\t\t\t<\/div>\n\t\t\t\t<\/div>\n\t\t\t\t<\/div>","protected":false},"excerpt":{"rendered":"<p>Productos y Servicios VENTA DE MATERIAL DE TATUAJES Productos Joyer\u00eda Ofrecemos una amplia selecci\u00f3n de joyer\u00eda pensada para todos los estilos: piezas en acero quir\u00fargico, titanio, plata y materiales hipoalerg\u00e9nicos ideales para piercings nuevos o ya cicatrizados. Encuentra anillos, aros, barras, colgantes y accesorios especiales que combinan calidad, dise\u00f1o y seguridad para tu piel. Cremas [&hellip;]<\/p>\n","protected":false},"author":1,"featured_media":0,"parent":0,"menu_order":0,"comment_status":"closed","ping_status":"closed","template":"elementor_canvas","meta":{"footnotes":""},"class_list":["post-15","page","type-page","status-publish","hentry"],"yoast_head":"<!-- This site is optimized with the Yoast SEO plugin v27.3 - https:\/\/yoast.com\/product\/yoast-seo-wordpress\/ -->\n<title>Servicios - Meet Tattoo Ink<\/title>\n<meta name=\"robots\" content=\"index, follow, max-snippet:-1, max-image-preview:large, max-video-preview:-1\" \/>\n<link rel=\"canonical\" href=\"https:\/\/meettattooink.com\/ca\/servicios\/\" \/>\n<meta property=\"og:locale\" content=\"ca_ES\" \/>\n<meta property=\"og:type\" content=\"article\" \/>\n<meta property=\"og:title\" content=\"Servicios - Meet Tattoo Ink\" \/>\n<meta property=\"og:description\" content=\"Productos y Servicios VENTA DE MATERIAL DE TATUAJES Productos Joyer\u00eda Ofrecemos una amplia selecci\u00f3n de joyer\u00eda pensada para todos los estilos: piezas en acero quir\u00fargico, titanio, plata y materiales hipoalerg\u00e9nicos ideales para piercings nuevos o ya cicatrizados. Encuentra anillos, aros, barras, colgantes y accesorios especiales que combinan calidad, dise\u00f1o y seguridad para tu piel. Cremas [&hellip;]\" \/>\n<meta property=\"og:url\" content=\"https:\/\/meettattooink.com\/ca\/servicios\/\" \/>\n<meta property=\"og:site_name\" content=\"Meet Tattoo Ink\" \/>\n<meta property=\"article:modified_time\" content=\"2025-11-11T17:39:06+00:00\" \/>\n<meta property=\"og:image\" content=\"https:\/\/meettattooink.com\/wp-content\/uploads\/elementor\/thumbs\/29492851-rek4cghons12nbc2inlzh193fpyv6dkxb7mlgikolk.jpg\" \/>\n<meta name=\"twitter:card\" content=\"summary_large_image\" \/>\n<meta name=\"twitter:label1\" content=\"Temps estimat de lectura\" \/>\n\t<meta name=\"twitter:data1\" content=\"3 minuts\" \/>\n<script type=\"application\/ld+json\" class=\"yoast-schema-graph\">{\"@context\":\"https:\\\/\\\/schema.org\",\"@graph\":[{\"@type\":\"WebPage\",\"@id\":\"https:\\\/\\\/meettattooink.com\\\/servicios\\\/\",\"url\":\"https:\\\/\\\/meettattooink.com\\\/servicios\\\/\",\"name\":\"Servicios - Meet Tattoo Ink\",\"isPartOf\":{\"@id\":\"https:\\\/\\\/meettattooink.com\\\/#website\"},\"primaryImageOfPage\":{\"@id\":\"https:\\\/\\\/meettattooink.com\\\/servicios\\\/#primaryimage\"},\"image\":{\"@id\":\"https:\\\/\\\/meettattooink.com\\\/servicios\\\/#primaryimage\"},\"thumbnailUrl\":\"https:\\\/\\\/meettattooink.com\\\/wp-content\\\/uploads\\\/elementor\\\/thumbs\\\/29492851-rek4cghons12nbc2inlzh193fpyv6dkxb7mlgikolk.jpg\",\"datePublished\":\"2025-11-02T16:39:01+00:00\",\"dateModified\":\"2025-11-11T17:39:06+00:00\",\"breadcrumb\":{\"@id\":\"https:\\\/\\\/meettattooink.com\\\/servicios\\\/#breadcrumb\"},\"inLanguage\":\"ca\",\"potentialAction\":[{\"@type\":\"ReadAction\",\"target\":[\"https:\\\/\\\/meettattooink.com\\\/servicios\\\/\"]}]},{\"@type\":\"ImageObject\",\"inLanguage\":\"ca\",\"@id\":\"https:\\\/\\\/meettattooink.com\\\/servicios\\\/#primaryimage\",\"url\":\"https:\\\/\\\/meettattooink.com\\\/wp-content\\\/uploads\\\/elementor\\\/thumbs\\\/29492851-rek4cghons12nbc2inlzh193fpyv6dkxb7mlgikolk.jpg\",\"contentUrl\":\"https:\\\/\\\/meettattooink.com\\\/wp-content\\\/uploads\\\/elementor\\\/thumbs\\\/29492851-rek4cghons12nbc2inlzh193fpyv6dkxb7mlgikolk.jpg\"},{\"@type\":\"BreadcrumbList\",\"@id\":\"https:\\\/\\\/meettattooink.com\\\/servicios\\\/#breadcrumb\",\"itemListElement\":[{\"@type\":\"ListItem\",\"position\":1,\"name\":\"Portada\",\"item\":\"https:\\\/\\\/meettattooink.com\\\/\"},{\"@type\":\"ListItem\",\"position\":2,\"name\":\"Servicios\"}]},{\"@type\":\"WebSite\",\"@id\":\"https:\\\/\\\/meettattooink.com\\\/#website\",\"url\":\"https:\\\/\\\/meettattooink.com\\\/\",\"name\":\"Meet Tattoo Ink\",\"description\":\"Tategen y piercings\",\"publisher\":{\"@id\":\"https:\\\/\\\/meettattooink.com\\\/#organization\"},\"potentialAction\":[{\"@type\":\"SearchAction\",\"target\":{\"@type\":\"EntryPoint\",\"urlTemplate\":\"https:\\\/\\\/meettattooink.com\\\/?s={search_term_string}\"},\"query-input\":{\"@type\":\"PropertyValueSpecification\",\"valueRequired\":true,\"valueName\":\"search_term_string\"}}],\"inLanguage\":\"ca\"},{\"@type\":\"Organization\",\"@id\":\"https:\\\/\\\/meettattooink.com\\\/#organization\",\"name\":\"Meet Tattoo Ink\",\"url\":\"https:\\\/\\\/meettattooink.com\\\/\",\"logo\":{\"@type\":\"ImageObject\",\"inLanguage\":\"ca\",\"@id\":\"https:\\\/\\\/meettattooink.com\\\/#\\\/schema\\\/logo\\\/image\\\/\",\"url\":\"https:\\\/\\\/meettattooink.com\\\/wp-content\\\/uploads\\\/2025\\\/11\\\/cropped-sunchengxi-3.png\",\"contentUrl\":\"https:\\\/\\\/meettattooink.com\\\/wp-content\\\/uploads\\\/2025\\\/11\\\/cropped-sunchengxi-3.png\",\"width\":500,\"height\":500,\"caption\":\"Meet Tattoo Ink\"},\"image\":{\"@id\":\"https:\\\/\\\/meettattooink.com\\\/#\\\/schema\\\/logo\\\/image\\\/\"}}]}<\/script>\n<!-- \/ Yoast SEO plugin. -->","yoast_head_json":{"title":"Servicios - Meet Tattoo Ink","robots":{"index":"index","follow":"follow","max-snippet":"max-snippet:-1","max-image-preview":"max-image-preview:large","max-video-preview":"max-video-preview:-1"},"canonical":"https:\/\/meettattooink.com\/ca\/servicios\/","og_locale":"ca_ES","og_type":"article","og_title":"Servicios - Meet Tattoo Ink","og_description":"Productos y Servicios VENTA DE MATERIAL DE TATUAJES Productos Joyer\u00eda Ofrecemos una amplia selecci\u00f3n de joyer\u00eda pensada para todos los estilos: piezas en acero quir\u00fargico, titanio, plata y materiales hipoalerg\u00e9nicos ideales para piercings nuevos o ya cicatrizados. Encuentra anillos, aros, barras, colgantes y accesorios especiales que combinan calidad, dise\u00f1o y seguridad para tu piel. Cremas [&hellip;]","og_url":"https:\/\/meettattooink.com\/ca\/servicios\/","og_site_name":"Meet Tattoo Ink","article_modified_time":"2025-11-11T17:39:06+00:00","og_image":[{"url":"https:\/\/meettattooink.com\/wp-content\/uploads\/elementor\/thumbs\/29492851-rek4cghons12nbc2inlzh193fpyv6dkxb7mlgikolk.jpg","type":"","width":"","height":""}],"twitter_card":"summary_large_image","twitter_misc":{"Temps estimat de lectura":"3 minuts"},"schema":{"@context":"https:\/\/schema.org","@graph":[{"@type":"WebPage","@id":"https:\/\/meettattooink.com\/servicios\/","url":"https:\/\/meettattooink.com\/servicios\/","name":"Servicios - Meet Tattoo Ink","isPartOf":{"@id":"https:\/\/meettattooink.com\/#website"},"primaryImageOfPage":{"@id":"https:\/\/meettattooink.com\/servicios\/#primaryimage"},"image":{"@id":"https:\/\/meettattooink.com\/servicios\/#primaryimage"},"thumbnailUrl":"https:\/\/meettattooink.com\/wp-content\/uploads\/elementor\/thumbs\/29492851-rek4cghons12nbc2inlzh193fpyv6dkxb7mlgikolk.jpg","datePublished":"2025-11-02T16:39:01+00:00","dateModified":"2025-11-11T17:39:06+00:00","breadcrumb":{"@id":"https:\/\/meettattooink.com\/servicios\/#breadcrumb"},"inLanguage":"ca","potentialAction":[{"@type":"ReadAction","target":["https:\/\/meettattooink.com\/servicios\/"]}]},{"@type":"ImageObject","inLanguage":"ca","@id":"https:\/\/meettattooink.com\/servicios\/#primaryimage","url":"https:\/\/meettattooink.com\/wp-content\/uploads\/elementor\/thumbs\/29492851-rek4cghons12nbc2inlzh193fpyv6dkxb7mlgikolk.jpg","contentUrl":"https:\/\/meettattooink.com\/wp-content\/uploads\/elementor\/thumbs\/29492851-rek4cghons12nbc2inlzh193fpyv6dkxb7mlgikolk.jpg"},{"@type":"BreadcrumbList","@id":"https:\/\/meettattooink.com\/servicios\/#breadcrumb","itemListElement":[{"@type":"ListItem","position":1,"name":"Portada","item":"https:\/\/meettattooink.com\/"},{"@type":"ListItem","position":2,"name":"Servicios"}]},{"@type":"WebSite","@id":"https:\/\/meettattooink.com\/#website","url":"https:\/\/meettattooink.com\/","name":"Meet Tattoo Ink","description":"Tategen y piercings","publisher":{"@id":"https:\/\/meettattooink.com\/#organization"},"potentialAction":[{"@type":"SearchAction","target":{"@type":"EntryPoint","urlTemplate":"https:\/\/meettattooink.com\/?s={search_term_string}"},"query-input":{"@type":"PropertyValueSpecification","valueRequired":true,"valueName":"search_term_string"}}],"inLanguage":"ca"},{"@type":"Organization","@id":"https:\/\/meettattooink.com\/#organization","name":"Meet Tattoo Ink","url":"https:\/\/meettattooink.com\/","logo":{"@type":"ImageObject","inLanguage":"ca","@id":"https:\/\/meettattooink.com\/#\/schema\/logo\/image\/","url":"https:\/\/meettattooink.com\/wp-content\/uploads\/2025\/11\/cropped-sunchengxi-3.png","contentUrl":"https:\/\/meettattooink.com\/wp-content\/uploads\/2025\/11\/cropped-sunchengxi-3.png","width":500,"height":500,"caption":"Meet Tattoo Ink"},"image":{"@id":"https:\/\/meettattooink.com\/#\/schema\/logo\/image\/"}}]}},"_links":{"self":[{"href":"https:\/\/meettattooink.com\/ca\/wp-json\/wp\/v2\/pages\/15","targetHints":{"allow":["GET"]}}],"collection":[{"href":"https:\/\/meettattooink.com\/ca\/wp-json\/wp\/v2\/pages"}],"about":[{"href":"https:\/\/meettattooink.com\/ca\/wp-json\/wp\/v2\/types\/page"}],"author":[{"embeddable":true,"href":"https:\/\/meettattooink.com\/ca\/wp-json\/wp\/v2\/users\/1"}],"replies":[{"embeddable":true,"href":"https:\/\/meettattooink.com\/ca\/wp-json\/wp\/v2\/comments?post=15"}],"version-history":[{"count":88,"href":"https:\/\/meettattooink.com\/ca\/wp-json\/wp\/v2\/pages\/15\/revisions"}],"predecessor-version":[{"id":361,"href":"https:\/\/meettattooink.com\/ca\/wp-json\/wp\/v2\/pages\/15\/revisions\/361"}],"wp:attachment":[{"href":"https:\/\/meettattooink.com\/ca\/wp-json\/wp\/v2\/media?parent=15"}],"curies":[{"name":"wp","href":"https:\/\/api.w.org\/{rel}","templated":true}]}}