{"id":12,"date":"2025-11-02T16:35:45","date_gmt":"2025-11-02T16:35:45","guid":{"rendered":"https:\/\/meettattooink.rkinformatika.online\/?page_id=12"},"modified":"2025-11-26T12:41:22","modified_gmt":"2025-11-26T12:41:22","slug":"inicio","status":"publish","type":"page","link":"https:\/\/meettattooink.com\/ca\/","title":{"rendered":"Inici"},"content":{"rendered":"<div data-elementor-type=\"wp-page\" data-elementor-id=\"12\" class=\"elementor elementor-12\" data-elementor-post-type=\"page\">\n\t\t\t\t<div class=\"elementor-element elementor-element-bacb09a e-flex e-con-boxed e-con e-parent\" data-id=\"bacb09a\" data-element_type=\"container\" data-e-type=\"container\" data-settings=\"{&quot;background_background&quot;:&quot;classic&quot;}\">\n\t\t\t\t\t<div class=\"e-con-inner\">\n\t\t\t\t<div class=\"elementor-element elementor-element-79be12f elementor-invisible elementor-widget elementor-widget-heading\" data-id=\"79be12f\" data-element_type=\"widget\" data-e-type=\"widget\" data-settings=\"{&quot;_animation&quot;:&quot;fadeInLeft&quot;}\" data-widget_type=\"heading.default\">\n\t\t\t\t\t<h2 class=\"elementor-heading-title elementor-size-default\">MEET TATTOO INK<\/h2>\t\t\t\t<\/div>\n\t\t\t\t<div class=\"elementor-element elementor-element-4b90e71 elementor-invisible elementor-widget elementor-widget-text-editor\" data-id=\"4b90e71\" data-element_type=\"widget\" data-e-type=\"widget\" data-settings=\"{&quot;_animation&quot;:&quot;fadeInUp&quot;}\" data-widget_type=\"text-editor.default\">\n\t\t\t\t\t\t\t\t\t<p>VENDA DE MATERIAL DE TATUATGES<\/p>\t\t\t\t\t\t\t\t<\/div>\n\t\t\t\t\t<\/div>\n\t\t\t\t<\/div>\n\t\t<div class=\"elementor-element elementor-element-59a6737 e-flex e-con-boxed e-con e-parent\" data-id=\"59a6737\" data-element_type=\"container\" data-e-type=\"container\" data-settings=\"{&quot;background_background&quot;:&quot;classic&quot;}\">\n\t\t\t\t\t<div class=\"e-con-inner\">\n\t\t<div class=\"elementor-element elementor-element-a2a6ebf e-con-full e-flex e-con e-child\" data-id=\"a2a6ebf\" data-element_type=\"container\" data-e-type=\"container\">\n\t\t\t\t<div class=\"elementor-element elementor-element-0ffeabe elementor-widget elementor-widget-heading\" data-id=\"0ffeabe\" data-element_type=\"widget\" data-e-type=\"widget\" data-widget_type=\"heading.default\">\n\t\t\t\t\t<h2 class=\"elementor-heading-title elementor-size-default\">Sobre Nosaltres<\/h2>\t\t\t\t<\/div>\n\t\t\t\t<div class=\"elementor-element elementor-element-539e7cd elementor-widget elementor-widget-text-editor\" data-id=\"539e7cd\" data-element_type=\"widget\" data-e-type=\"widget\" data-widget_type=\"text-editor.default\">\n\t\t\t\t\t\t\t\t\t<p data-start=\"220\" data-end=\"463\">MEET TATTOO INK va n\u00e9ixer el 2018 amb la passi\u00f3 de transformar la pell en art. Som un estudi especialitzat en tatuatges, p\u00edrcings i micropigmentaci\u00f3 facial, oferint sempre un servei professional, segur i personalitzat.<\/p><p data-start=\"465\" data-end=\"748\">A m\u00e9s, comptem amb servei d'eliminaci\u00f3 de tatuatges, ideal per als que volen comen\u00e7ar de nou o donar un nou sentit a la pell. Al nostre espai tamb\u00e9 trobar\u00e0s una selecci\u00f3 exclusiva de joieria corporal, acuradament triada per combinar estil i qualitat.<\/p><p data-start=\"750\" data-end=\"894\">I aix\u00f2 nom\u00e9s \u00e9s el comen\u00e7ament: properament incorporarem joies dentals, ampliant encara m\u00e9s les nostres formes d'expressi\u00f3 i bellesa corporal.<\/p>\t\t\t\t\t\t\t\t<\/div>\n\t\t\t\t<\/div>\n\t\t<div class=\"elementor-element elementor-element-992c75f e-con-full e-flex e-con e-child\" data-id=\"992c75f\" data-element_type=\"container\" data-e-type=\"container\">\n\t\t\t\t<div class=\"elementor-element elementor-element-ae670ec elementor-widget elementor-widget-image\" data-id=\"ae670ec\" data-element_type=\"widget\" data-e-type=\"widget\" data-widget_type=\"image.default\">\n\t\t\t\t\t\t\t\t\t\t\t\t\t\t\t<img fetchpriority=\"high\" decoding=\"async\" width=\"800\" height=\"796\" src=\"https:\/\/meettattooink.com\/wp-content\/uploads\/2025\/11\/JaumeGuardiaPineda.jpg\" class=\"attachment-large size-large wp-image-239\" alt=\"\" srcset=\"https:\/\/meettattooink.com\/wp-content\/uploads\/2025\/11\/JaumeGuardiaPineda.jpg 898w, https:\/\/meettattooink.com\/wp-content\/uploads\/2025\/11\/JaumeGuardiaPineda-300x300.jpg 300w, https:\/\/meettattooink.com\/wp-content\/uploads\/2025\/11\/JaumeGuardiaPineda-150x150.jpg 150w, https:\/\/meettattooink.com\/wp-content\/uploads\/2025\/11\/JaumeGuardiaPineda-768x765.jpg 768w, https:\/\/meettattooink.com\/wp-content\/uploads\/2025\/11\/JaumeGuardiaPineda-12x12.jpg 12w\" sizes=\"(max-width: 800px) 100vw, 800px\" \/>\t\t\t\t\t\t\t\t\t\t\t\t\t\t\t<\/div>\n\t\t\t\t<\/div>\n\t\t\t\t\t<\/div>\n\t\t\t\t<\/div>\n\t\t<div class=\"elementor-element elementor-element-8eb6495 e-con-full e-flex e-con e-parent\" data-id=\"8eb6495\" data-element_type=\"container\" data-e-type=\"container\" data-settings=\"{&quot;background_background&quot;:&quot;classic&quot;}\">\n\t\t\t\t<div class=\"elementor-element elementor-element-69c70d1 elementor-cta--skin-cover elementor-widget__width-inherit elementor-animated-content elementor-bg-transform elementor-bg-transform-zoom-in elementor-widget elementor-widget-call-to-action\" data-id=\"69c70d1\" data-element_type=\"widget\" data-e-type=\"widget\" data-widget_type=\"call-to-action.default\">\n\t\t\t\t\t\t\t<div class=\"elementor-cta\">\n\t\t\t\t\t<div class=\"elementor-cta__bg-wrapper\">\n\t\t\t\t<div class=\"elementor-cta__bg elementor-bg\" style=\"background-image: url(https:\/\/meettattooink.com\/wp-content\/uploads\/2025\/11\/99380-1024x610.jpg);\" role=\"img\" aria-label=\"99380\"><\/div>\n\t\t\t\t<div class=\"elementor-cta__bg-overlay\"><\/div>\n\t\t\t<\/div>\n\t\t\t\t\t\t\t<div class=\"elementor-cta__content\">\n\t\t\t\t\n\t\t\t\t\t\t\t\t\t<h2 class=\"elementor-cta__title elementor-cta__content-item elementor-content-item elementor-animated-item--grow\">\n\t\t\t\t\t\tDescobreix els nostres serveis i productes!!!\t\t\t\t\t<\/h2>\n\t\t\t\t\n\t\t\t\t\t\t\t\t\t<div class=\"elementor-cta__description elementor-cta__content-item elementor-content-item elementor-animated-item--grow\">\n\t\t\t\t\t\tContacta'ns avui mateix i fa el primer pas cap a la teva propera transformaci\u00f3.\t\t\t\t\t<\/div>\n\t\t\t\t\n\t\t\t\t\t\t\t\t\t<div class=\"elementor-cta__button-wrapper elementor-cta__content-item elementor-content-item elementor-animated-item--grow\">\n\t\t\t\t\t<a class=\"elementor-cta__button elementor-button elementor-size-\" href=\"https:\/\/meettattooink.com\/ca\/servicios\/\">\n\t\t\t\t\t\tSERVEIS\t\t\t\t\t<\/a>\n\t\t\t\t\t<\/div>\n\t\t\t\t\t\t\t<\/div>\n\t\t\t\t\t\t<\/div>\n\t\t\t\t\t\t<\/div>\n\t\t\t\t<\/div>\n\t\t\t\t<\/div>","protected":false},"excerpt":{"rendered":"<p>MEET TATTOO INK VENTA DE MATERIAL DE TATUAJES Sobre Nosotros MEET TATTOO INK naci\u00f3 en 2018 con la pasi\u00f3n de transformar la piel en arte. Somos un estudio especializado en tatuajes, piercings y micropigmentaci\u00f3n facial, ofreciendo siempre un servicio profesional, seguro y personalizado. Adem\u00e1s, contamos con servicio de eliminaci\u00f3n de tatuajes, ideal para quienes desean [&hellip;]<\/p>\n","protected":false},"author":1,"featured_media":0,"parent":0,"menu_order":0,"comment_status":"closed","ping_status":"closed","template":"elementor_canvas","meta":{"footnotes":""},"class_list":["post-12","page","type-page","status-publish","hentry"],"yoast_head":"<!-- This site is optimized with the Yoast SEO plugin v27.3 - https:\/\/yoast.com\/product\/yoast-seo-wordpress\/ -->\n<title>Inicio - Meet Tattoo Ink<\/title>\n<meta name=\"robots\" content=\"index, follow, max-snippet:-1, max-image-preview:large, max-video-preview:-1\" \/>\n<link rel=\"canonical\" href=\"https:\/\/meettattooink.com\/ca\/\" \/>\n<meta property=\"og:locale\" content=\"ca_ES\" \/>\n<meta property=\"og:type\" content=\"article\" \/>\n<meta property=\"og:title\" content=\"Inicio - Meet Tattoo Ink\" \/>\n<meta property=\"og:description\" content=\"MEET TATTOO INK VENTA DE MATERIAL DE TATUAJES Sobre Nosotros MEET TATTOO INK naci\u00f3 en 2018 con la pasi\u00f3n de transformar la piel en arte. Somos un estudio especializado en tatuajes, piercings y micropigmentaci\u00f3n facial, ofreciendo siempre un servicio profesional, seguro y personalizado. Adem\u00e1s, contamos con servicio de eliminaci\u00f3n de tatuajes, ideal para quienes desean [&hellip;]\" \/>\n<meta property=\"og:url\" content=\"https:\/\/meettattooink.com\/ca\/\" \/>\n<meta property=\"og:site_name\" content=\"Meet Tattoo Ink\" \/>\n<meta property=\"article:modified_time\" content=\"2025-11-26T12:41:22+00:00\" \/>\n<meta property=\"og:image\" content=\"https:\/\/meettattooink.com\/wp-content\/uploads\/2025\/11\/JaumeGuardiaPineda.jpg\" \/>\n\t<meta property=\"og:image:width\" content=\"898\" \/>\n\t<meta property=\"og:image:height\" content=\"894\" \/>\n\t<meta property=\"og:image:type\" content=\"image\/jpeg\" \/>\n<meta name=\"twitter:card\" content=\"summary_large_image\" \/>\n<meta name=\"twitter:label1\" content=\"Temps estimat de lectura\" \/>\n\t<meta name=\"twitter:data1\" content=\"1 minut\" \/>\n<script type=\"application\/ld+json\" class=\"yoast-schema-graph\">{\"@context\":\"https:\\\/\\\/schema.org\",\"@graph\":[{\"@type\":\"WebPage\",\"@id\":\"https:\\\/\\\/meettattooink.com\\\/\",\"url\":\"https:\\\/\\\/meettattooink.com\\\/\",\"name\":\"Inicio - Meet Tattoo Ink\",\"isPartOf\":{\"@id\":\"https:\\\/\\\/meettattooink.com\\\/#website\"},\"primaryImageOfPage\":{\"@id\":\"https:\\\/\\\/meettattooink.com\\\/#primaryimage\"},\"image\":{\"@id\":\"https:\\\/\\\/meettattooink.com\\\/#primaryimage\"},\"thumbnailUrl\":\"https:\\\/\\\/meettattooink.com\\\/wp-content\\\/uploads\\\/2025\\\/11\\\/JaumeGuardiaPineda.jpg\",\"datePublished\":\"2025-11-02T16:35:45+00:00\",\"dateModified\":\"2025-11-26T12:41:22+00:00\",\"breadcrumb\":{\"@id\":\"https:\\\/\\\/meettattooink.com\\\/#breadcrumb\"},\"inLanguage\":\"ca\",\"potentialAction\":[{\"@type\":\"ReadAction\",\"target\":[\"https:\\\/\\\/meettattooink.com\\\/\"]}]},{\"@type\":\"ImageObject\",\"inLanguage\":\"ca\",\"@id\":\"https:\\\/\\\/meettattooink.com\\\/#primaryimage\",\"url\":\"https:\\\/\\\/meettattooink.com\\\/wp-content\\\/uploads\\\/2025\\\/11\\\/JaumeGuardiaPineda.jpg\",\"contentUrl\":\"https:\\\/\\\/meettattooink.com\\\/wp-content\\\/uploads\\\/2025\\\/11\\\/JaumeGuardiaPineda.jpg\"},{\"@type\":\"BreadcrumbList\",\"@id\":\"https:\\\/\\\/meettattooink.com\\\/#breadcrumb\",\"itemListElement\":[{\"@type\":\"ListItem\",\"position\":1,\"name\":\"Portada\",\"item\":\"https:\\\/\\\/meettattooink.com\\\/\"},{\"@type\":\"ListItem\",\"position\":2,\"name\":\"Inicio\"}]},{\"@type\":\"WebSite\",\"@id\":\"https:\\\/\\\/meettattooink.com\\\/#website\",\"url\":\"https:\\\/\\\/meettattooink.com\\\/\",\"name\":\"Meet Tattoo Ink\",\"description\":\"Tategen y piercings\",\"publisher\":{\"@id\":\"https:\\\/\\\/meettattooink.com\\\/#organization\"},\"potentialAction\":[{\"@type\":\"SearchAction\",\"target\":{\"@type\":\"EntryPoint\",\"urlTemplate\":\"https:\\\/\\\/meettattooink.com\\\/?s={search_term_string}\"},\"query-input\":{\"@type\":\"PropertyValueSpecification\",\"valueRequired\":true,\"valueName\":\"search_term_string\"}}],\"inLanguage\":\"ca\"},{\"@type\":\"Organization\",\"@id\":\"https:\\\/\\\/meettattooink.com\\\/#organization\",\"name\":\"Meet Tattoo Ink\",\"url\":\"https:\\\/\\\/meettattooink.com\\\/\",\"logo\":{\"@type\":\"ImageObject\",\"inLanguage\":\"ca\",\"@id\":\"https:\\\/\\\/meettattooink.com\\\/#\\\/schema\\\/logo\\\/image\\\/\",\"url\":\"https:\\\/\\\/meettattooink.com\\\/wp-content\\\/uploads\\\/2025\\\/11\\\/cropped-sunchengxi-3.png\",\"contentUrl\":\"https:\\\/\\\/meettattooink.com\\\/wp-content\\\/uploads\\\/2025\\\/11\\\/cropped-sunchengxi-3.png\",\"width\":500,\"height\":500,\"caption\":\"Meet Tattoo Ink\"},\"image\":{\"@id\":\"https:\\\/\\\/meettattooink.com\\\/#\\\/schema\\\/logo\\\/image\\\/\"}}]}<\/script>\n<!-- \/ Yoast SEO plugin. -->","yoast_head_json":{"title":"Inicio - Meet Tattoo Ink","robots":{"index":"index","follow":"follow","max-snippet":"max-snippet:-1","max-image-preview":"max-image-preview:large","max-video-preview":"max-video-preview:-1"},"canonical":"https:\/\/meettattooink.com\/ca\/","og_locale":"ca_ES","og_type":"article","og_title":"Inicio - Meet Tattoo Ink","og_description":"MEET TATTOO INK VENTA DE MATERIAL DE TATUAJES Sobre Nosotros MEET TATTOO INK naci\u00f3 en 2018 con la pasi\u00f3n de transformar la piel en arte. Somos un estudio especializado en tatuajes, piercings y micropigmentaci\u00f3n facial, ofreciendo siempre un servicio profesional, seguro y personalizado. Adem\u00e1s, contamos con servicio de eliminaci\u00f3n de tatuajes, ideal para quienes desean [&hellip;]","og_url":"https:\/\/meettattooink.com\/ca\/","og_site_name":"Meet Tattoo Ink","article_modified_time":"2025-11-26T12:41:22+00:00","og_image":[{"width":898,"height":894,"url":"https:\/\/meettattooink.com\/wp-content\/uploads\/2025\/11\/JaumeGuardiaPineda.jpg","type":"image\/jpeg"}],"twitter_card":"summary_large_image","twitter_misc":{"Temps estimat de lectura":"1 minut"},"schema":{"@context":"https:\/\/schema.org","@graph":[{"@type":"WebPage","@id":"https:\/\/meettattooink.com\/","url":"https:\/\/meettattooink.com\/","name":"Inicio - Meet Tattoo Ink","isPartOf":{"@id":"https:\/\/meettattooink.com\/#website"},"primaryImageOfPage":{"@id":"https:\/\/meettattooink.com\/#primaryimage"},"image":{"@id":"https:\/\/meettattooink.com\/#primaryimage"},"thumbnailUrl":"https:\/\/meettattooink.com\/wp-content\/uploads\/2025\/11\/JaumeGuardiaPineda.jpg","datePublished":"2025-11-02T16:35:45+00:00","dateModified":"2025-11-26T12:41:22+00:00","breadcrumb":{"@id":"https:\/\/meettattooink.com\/#breadcrumb"},"inLanguage":"ca","potentialAction":[{"@type":"ReadAction","target":["https:\/\/meettattooink.com\/"]}]},{"@type":"ImageObject","inLanguage":"ca","@id":"https:\/\/meettattooink.com\/#primaryimage","url":"https:\/\/meettattooink.com\/wp-content\/uploads\/2025\/11\/JaumeGuardiaPineda.jpg","contentUrl":"https:\/\/meettattooink.com\/wp-content\/uploads\/2025\/11\/JaumeGuardiaPineda.jpg"},{"@type":"BreadcrumbList","@id":"https:\/\/meettattooink.com\/#breadcrumb","itemListElement":[{"@type":"ListItem","position":1,"name":"Portada","item":"https:\/\/meettattooink.com\/"},{"@type":"ListItem","position":2,"name":"Inicio"}]},{"@type":"WebSite","@id":"https:\/\/meettattooink.com\/#website","url":"https:\/\/meettattooink.com\/","name":"Meet Tattoo Ink","description":"Tategen y piercings","publisher":{"@id":"https:\/\/meettattooink.com\/#organization"},"potentialAction":[{"@type":"SearchAction","target":{"@type":"EntryPoint","urlTemplate":"https:\/\/meettattooink.com\/?s={search_term_string}"},"query-input":{"@type":"PropertyValueSpecification","valueRequired":true,"valueName":"search_term_string"}}],"inLanguage":"ca"},{"@type":"Organization","@id":"https:\/\/meettattooink.com\/#organization","name":"Meet Tattoo Ink","url":"https:\/\/meettattooink.com\/","logo":{"@type":"ImageObject","inLanguage":"ca","@id":"https:\/\/meettattooink.com\/#\/schema\/logo\/image\/","url":"https:\/\/meettattooink.com\/wp-content\/uploads\/2025\/11\/cropped-sunchengxi-3.png","contentUrl":"https:\/\/meettattooink.com\/wp-content\/uploads\/2025\/11\/cropped-sunchengxi-3.png","width":500,"height":500,"caption":"Meet Tattoo Ink"},"image":{"@id":"https:\/\/meettattooink.com\/#\/schema\/logo\/image\/"}}]}},"_links":{"self":[{"href":"https:\/\/meettattooink.com\/ca\/wp-json\/wp\/v2\/pages\/12","targetHints":{"allow":["GET"]}}],"collection":[{"href":"https:\/\/meettattooink.com\/ca\/wp-json\/wp\/v2\/pages"}],"about":[{"href":"https:\/\/meettattooink.com\/ca\/wp-json\/wp\/v2\/types\/page"}],"author":[{"embeddable":true,"href":"https:\/\/meettattooink.com\/ca\/wp-json\/wp\/v2\/users\/1"}],"replies":[{"embeddable":true,"href":"https:\/\/meettattooink.com\/ca\/wp-json\/wp\/v2\/comments?post=12"}],"version-history":[{"count":70,"href":"https:\/\/meettattooink.com\/ca\/wp-json\/wp\/v2\/pages\/12\/revisions"}],"predecessor-version":[{"id":382,"href":"https:\/\/meettattooink.com\/ca\/wp-json\/wp\/v2\/pages\/12\/revisions\/382"}],"wp:attachment":[{"href":"https:\/\/meettattooink.com\/ca\/wp-json\/wp\/v2\/media?parent=12"}],"curies":[{"name":"wp","href":"https:\/\/api.w.org\/{rel}","templated":true}]}}